{"id":32,"date":"2020-11-19T10:58:32","date_gmt":"2020-11-19T09:58:32","guid":{"rendered":"https:\/\/www.vallivaldesi.chiesavaldese.org\/villar-pellice\/?page_id=32"},"modified":"2021-11-15T11:44:43","modified_gmt":"2021-11-15T10:44:43","slug":"gruppi-della-chiesa","status":"publish","type":"page","link":"https:\/\/vallivaldesi.chiesavaldese.org\/villar-pellice\/gruppi-della-chiesa\/","title":{"rendered":"Gruppi della chiesa"},"content":{"rendered":"\n<p>La <strong>scuola domenicale<\/strong> e il <strong>catechismo<\/strong> costituiscono un percorso di incontri nei quali viene offerto alle generazioni pi\u00f9 giovani formazione biblica ed esperienze comunitarie. Questo cammino \u00e8 inteso come accompagnamento nella fede in vista del battesimo, o la confermazione del battesimo ricevuto da piccoli.<\/p>\n\n\n\n<p>Il <strong>gruppo giovani<\/strong> \u00e8 costituito da ragazze e ragazzi che desiderano trascorre del tempo insieme, riflettere e confrontarsi. Un obiettivo particolare del gruppo \u00e8 quello di organizzare iniziative di sensibilizzazione su temi di attualit\u00e0, aperte alla comunit\u00e0 locale.<\/p>\n\n\n\n<div class=\"wp-block-image\"><figure class=\"alignright size-large is-resized\"><img loading=\"lazy\" decoding=\"async\" src=\"https:\/\/www.vallivaldesi.chiesavaldese.org\/villar-pellice\/wp-content\/uploads\/sites\/16\/2020\/11\/b3ecfd09-e062-4337-adac-5321bc109465-1024x768.jpg\" alt=\"\" class=\"wp-image-64\" width=\"330\" height=\"248\" srcset=\"https:\/\/vallivaldesi.chiesavaldese.org\/villar-pellice\/wp-content\/uploads\/sites\/16\/2020\/11\/b3ecfd09-e062-4337-adac-5321bc109465-1024x768.jpg 1024w, https:\/\/vallivaldesi.chiesavaldese.org\/villar-pellice\/wp-content\/uploads\/sites\/16\/2020\/11\/b3ecfd09-e062-4337-adac-5321bc109465-300x225.jpg 300w, https:\/\/vallivaldesi.chiesavaldese.org\/villar-pellice\/wp-content\/uploads\/sites\/16\/2020\/11\/b3ecfd09-e062-4337-adac-5321bc109465-768x576.jpg 768w, https:\/\/vallivaldesi.chiesavaldese.org\/villar-pellice\/wp-content\/uploads\/sites\/16\/2020\/11\/b3ecfd09-e062-4337-adac-5321bc109465-1536x1152.jpg 1536w, https:\/\/vallivaldesi.chiesavaldese.org\/villar-pellice\/wp-content\/uploads\/sites\/16\/2020\/11\/b3ecfd09-e062-4337-adac-5321bc109465.jpg 1600w\" sizes=\"auto, (max-width: 330px) 100vw, 330px\" \/><\/figure><\/div>\n\n\n\n<p>La <strong>corale<\/strong>, nata nel 1913, \u00e8 unita a quella della chiesa di Bobbio dal 1970. Accompagna il canto comunitario in occasione delle principali occasioni liturgiche nelle comunit\u00e0 di Bobbio e di Villar, e quando possibile si esibisce in concerto. Nel corso degli anni sono stati prodotti due CD e un opuscolo sulla sua storia. <\/p>\n\n\n\n<p>Lo <strong>studio biblico<\/strong> \u00e8 un appuntamento mensile nel quale si approfondisce la conoscenza dei testi biblici. Attualmente \u00e8 un felice esempio di collaborazione tra chiese locali poich\u00e9 coinvolge Ror\u00e0, Bobbio e Villar. L\u2019argomento \u00e8 scelto annualmente dal gruppo e le modalit\u00e0 usate spaziano dalla spiegazione frontale a tecniche coinvolgenti di \u201canimazione teologica\u201d.<\/p>\n\n\n\n<p>L&#8217;<strong>unione femminile<\/strong> \u00e8 un piccolo ma tenace gruppo di donne \u201cdiversamente giovani\u201d, che durante l\u2019anno ecclesiastico si incontra ogni mese; nel periodo estivo si attiva per collaborare alla giornata della Casa per anziani Miramonti e organizza un bazar con prodotti realizzati dal gruppo stesso per sostenere le spese della chiesa e altri progetti. <\/p>\n\n\n\n<p>Le <strong>riunioni quartierali<\/strong> rappresentano momenti di condivisione, approfondimento e preghiera che si svolgono nelle borgate utilizzando spesso i locali delle antiche scuolette di quartiere.<\/p>\n\n\n\n<p>La <strong>commissione accoglienza<\/strong>, \u00e8 nata nel 1994 in sostituzione del \u201cComitato per il 17 Febbraio\u201d. Attualmente il gruppo, composto da una decina di persone, si occupa di preparare pranzi comunitari e rinfreschi nel corso dell\u2019anno, grazie all\u2019aiuto di tante e tanti volontari. <\/p>\n","protected":false},"excerpt":{"rendered":"<p>La scuola domenicale e il catechismo costituiscono un percorso di incontri nei quali viene offerto alle generazioni pi\u00f9 giovani formazione biblica ed esperienze comunitarie. Questo cammino \u00e8 inteso come accompagnamento<\/p>\n","protected":false},"author":1,"featured_media":0,"parent":0,"menu_order":0,"comment_status":"closed","ping_status":"closed","template":"","meta":{"footnotes":""},"class_list":["post-32","page","type-page","status-publish","hentry"],"jetpack_sharing_enabled":true,"_links":{"self":[{"href":"https:\/\/vallivaldesi.chiesavaldese.org\/villar-pellice\/wp-json\/wp\/v2\/pages\/32","targetHints":{"allow":["GET"]}}],"collection":[{"href":"https:\/\/vallivaldesi.chiesavaldese.org\/villar-pellice\/wp-json\/wp\/v2\/pages"}],"about":[{"href":"https:\/\/vallivaldesi.chiesavaldese.org\/villar-pellice\/wp-json\/wp\/v2\/types\/page"}],"author":[{"embeddable":true,"href":"https:\/\/vallivaldesi.chiesavaldese.org\/villar-pellice\/wp-json\/wp\/v2\/users\/1"}],"replies":[{"embeddable":true,"href":"https:\/\/vallivaldesi.chiesavaldese.org\/villar-pellice\/wp-json\/wp\/v2\/comments?post=32"}],"version-history":[{"count":6,"href":"https:\/\/vallivaldesi.chiesavaldese.org\/villar-pellice\/wp-json\/wp\/v2\/pages\/32\/revisions"}],"predecessor-version":[{"id":135,"href":"https:\/\/vallivaldesi.chiesavaldese.org\/villar-pellice\/wp-json\/wp\/v2\/pages\/32\/revisions\/135"}],"wp:attachment":[{"href":"https:\/\/vallivaldesi.chiesavaldese.org\/villar-pellice\/wp-json\/wp\/v2\/media?parent=32"}],"curies":[{"name":"wp","href":"https:\/\/api.w.org\/{rel}","templated":true}]}}