{"id":26,"date":"2020-11-19T10:56:08","date_gmt":"2020-11-19T09:56:08","guid":{"rendered":"https:\/\/www.vallivaldesi.chiesavaldese.org\/villar-pellice\/?page_id=26"},"modified":"2022-01-28T12:08:06","modified_gmt":"2022-01-28T11:08:06","slug":"home","status":"publish","type":"page","link":"https:\/\/vallivaldesi.chiesavaldese.org\/villar-pellice\/","title":{"rendered":"Home"},"content":{"rendered":"\n<p><em>Tutti quelli che il Padre mi d\u00e0 verranno a me; e colui che viene a me, non lo caccer\u00f2 fuori (Gv. 6,37)<\/em><\/p>\n\n\n\n<p class=\"has-drop-cap\">La Chiesa valdese di Villar Pellice \u00e8 una comunit\u00e0.<\/p>\n\n\n\n<p>Una comunit\u00e0 che si fonda sulla parola: Parola biblica che interpella ed \u00e8 annuncio di speranza, ma anche parola condivisa fra persone che nelle loro diversit\u00e0 si riconoscono fratelli e sorelle.<\/p>\n\n\n\n<p>Una comunit\u00e0 che come un organismo cresce e cambia nel tempo, affronta le crisi e si nutre del contributo di tutti e tutte.<\/p>\n\n\n\n<p>Una comunit\u00e0 che \u00e8 luogo di incontro e confronto fra generazioni, spazio di trasmissione di un patrimonio di memoria e storia, casa comune aperta a chiunque sia in ricerca.<\/p>\n\n\n\n<p>Una comunit\u00e0 che vuole costruire nel presente con lo sguardo rivolto al futuro, che ama la libert\u00e0, la mia, la tua, quella delle minoranze e quella di chi non conosciamo.<\/p>\n\n\n\n<figure class=\"wp-block-image\"><img loading=\"lazy\" decoding=\"async\" width=\"1024\" height=\"768\" src=\"https:\/\/www.vallivaldesi.chiesavaldese.org\/villar-pellice\/wp-content\/uploads\/sites\/16\/2021\/05\/IMG_20201203_105919-1024x768.jpg\" alt=\"\" class=\"wp-image-83\" srcset=\"https:\/\/vallivaldesi.chiesavaldese.org\/villar-pellice\/wp-content\/uploads\/sites\/16\/2021\/05\/IMG_20201203_105919-1024x768.jpg 1024w, https:\/\/vallivaldesi.chiesavaldese.org\/villar-pellice\/wp-content\/uploads\/sites\/16\/2021\/05\/IMG_20201203_105919-300x225.jpg 300w, https:\/\/vallivaldesi.chiesavaldese.org\/villar-pellice\/wp-content\/uploads\/sites\/16\/2021\/05\/IMG_20201203_105919-768x576.jpg 768w, https:\/\/vallivaldesi.chiesavaldese.org\/villar-pellice\/wp-content\/uploads\/sites\/16\/2021\/05\/IMG_20201203_105919.jpg 1280w\" sizes=\"auto, (max-width: 1024px) 100vw, 1024px\" \/><\/figure>\n","protected":false},"excerpt":{"rendered":"<p>Tutti quelli che il Padre mi d\u00e0 verranno a me; e colui che viene a me, non lo caccer\u00f2 fuori (Gv. 6,37) La Chiesa valdese di Villar Pellice \u00e8 una<\/p>\n","protected":false},"author":1,"featured_media":0,"parent":0,"menu_order":0,"comment_status":"closed","ping_status":"closed","template":"","meta":{"footnotes":""},"class_list":["post-26","page","type-page","status-publish","hentry"],"jetpack_sharing_enabled":true,"_links":{"self":[{"href":"https:\/\/vallivaldesi.chiesavaldese.org\/villar-pellice\/wp-json\/wp\/v2\/pages\/26","targetHints":{"allow":["GET"]}}],"collection":[{"href":"https:\/\/vallivaldesi.chiesavaldese.org\/villar-pellice\/wp-json\/wp\/v2\/pages"}],"about":[{"href":"https:\/\/vallivaldesi.chiesavaldese.org\/villar-pellice\/wp-json\/wp\/v2\/types\/page"}],"author":[{"embeddable":true,"href":"https:\/\/vallivaldesi.chiesavaldese.org\/villar-pellice\/wp-json\/wp\/v2\/users\/1"}],"replies":[{"embeddable":true,"href":"https:\/\/vallivaldesi.chiesavaldese.org\/villar-pellice\/wp-json\/wp\/v2\/comments?post=26"}],"version-history":[{"count":7,"href":"https:\/\/vallivaldesi.chiesavaldese.org\/villar-pellice\/wp-json\/wp\/v2\/pages\/26\/revisions"}],"predecessor-version":[{"id":146,"href":"https:\/\/vallivaldesi.chiesavaldese.org\/villar-pellice\/wp-json\/wp\/v2\/pages\/26\/revisions\/146"}],"wp:attachment":[{"href":"https:\/\/vallivaldesi.chiesavaldese.org\/villar-pellice\/wp-json\/wp\/v2\/media?parent=26"}],"curies":[{"name":"wp","href":"https:\/\/api.w.org\/{rel}","templated":true}]}}