{"id":29,"date":"2021-04-16T12:07:12","date_gmt":"2021-04-16T10:07:12","guid":{"rendered":"https:\/\/www.vallivaldesi.chiesavaldese.org\/torre-pellice\/?page_id=29"},"modified":"2021-04-16T12:07:14","modified_gmt":"2021-04-16T10:07:14","slug":"home","status":"publish","type":"page","link":"https:\/\/vallivaldesi.chiesavaldese.org\/torre-pellice\/","title":{"rendered":"Home"},"content":{"rendered":"\n<p>Dialogo, accoglienza, storia. Da secoli.<\/p>\n\n\n\n<p>Sono le tre parole che abbiamo scelto per caratterizzare la Chiesa valdese di Torre Pellice. In questo centro estremamente vivo e diversificato dal punto di vista religioso, la nostra chiesa, cos\u00ec come il suo territorio, \u00e8 aperta al dialogo e alla collaborazione con le varie realt\u00e0 presenti. Coltiviamo il dono dell\u2019accoglienza, senza distinzioni: verso chi \u00e8 in cerca di spiritualit\u00e0, o ha bisogno di aiuto materiale, verso chi ricerca le proprie radici o chi \u2013 venendo da lontano \u2013 ha visto spesso calpestare la propria identit\u00e0. E poi la storia, senza la quale non saremmo quello che siamo. Torre Pellice \u00e8 ancora oggi il centro nevralgico della Chiesa valdese, la cosiddetta \u201ccapitale dei valdesi\u201d, che vede il suo apice nella settimana del Sinodo, massima espressione dell\u2019essere una chiesa democratica.<\/p>\n\n\n\n<p>Venite a trovarci, contattateci, visitate il nostro sito: sar\u00e0 un piacere accogliervi!<\/p>\n","protected":false},"excerpt":{"rendered":"<p>Dialogo, accoglienza, storia. Da secoli. Sono le tre parole che abbiamo scelto per caratterizzare la Chiesa valdese di Torre Pellice. In questo centro estremamente vivo e diversificato dal punto di<\/p>\n","protected":false},"author":1,"featured_media":0,"parent":0,"menu_order":0,"comment_status":"closed","ping_status":"closed","template":"","meta":{"footnotes":""},"class_list":["post-29","page","type-page","status-publish","hentry"],"jetpack_sharing_enabled":true,"_links":{"self":[{"href":"https:\/\/vallivaldesi.chiesavaldese.org\/torre-pellice\/wp-json\/wp\/v2\/pages\/29","targetHints":{"allow":["GET"]}}],"collection":[{"href":"https:\/\/vallivaldesi.chiesavaldese.org\/torre-pellice\/wp-json\/wp\/v2\/pages"}],"about":[{"href":"https:\/\/vallivaldesi.chiesavaldese.org\/torre-pellice\/wp-json\/wp\/v2\/types\/page"}],"author":[{"embeddable":true,"href":"https:\/\/vallivaldesi.chiesavaldese.org\/torre-pellice\/wp-json\/wp\/v2\/users\/1"}],"replies":[{"embeddable":true,"href":"https:\/\/vallivaldesi.chiesavaldese.org\/torre-pellice\/wp-json\/wp\/v2\/comments?post=29"}],"version-history":[{"count":1,"href":"https:\/\/vallivaldesi.chiesavaldese.org\/torre-pellice\/wp-json\/wp\/v2\/pages\/29\/revisions"}],"predecessor-version":[{"id":30,"href":"https:\/\/vallivaldesi.chiesavaldese.org\/torre-pellice\/wp-json\/wp\/v2\/pages\/29\/revisions\/30"}],"wp:attachment":[{"href":"https:\/\/vallivaldesi.chiesavaldese.org\/torre-pellice\/wp-json\/wp\/v2\/media?parent=29"}],"curies":[{"name":"wp","href":"https:\/\/api.w.org\/{rel}","templated":true}]}}