{"id":10,"date":"2020-04-18T23:21:38","date_gmt":"2020-04-18T21:21:38","guid":{"rendered":"https:\/\/www.vallivaldesi.chiesavaldese.org\/pinerolo\/?page_id=10"},"modified":"2020-11-18T12:47:45","modified_gmt":"2020-11-18T11:47:45","slug":"chiesa-valdese-di-pinerolo-una-chiesa-di-frontiera","status":"publish","type":"page","link":"https:\/\/vallivaldesi.chiesavaldese.org\/pinerolo\/chiesa-valdese-di-pinerolo-una-chiesa-di-frontiera\/","title":{"rendered":"Una chiesa di frontiera"},"content":{"rendered":"\n<p><strong>Vogliamo dirti che la tua vita \u00e8 accolta nell\u2019amore di Dio<\/strong>&nbsp;e che la fede in Ges\u00f9 Cristo \u00e8 un credere \u201caltrimenti\u201d rispetto alla cultura dominante.<\/p>\n\n\n\n<p><strong>Nella storia e sino alla met\u00e0 del XIX secolo la citt\u00e0 di Pinerolo&nbsp;<\/strong>non&nbsp; conobbe mai una presenza valdese importante come quella delle valli valdesi. La sua posizione strategica le confer\u00ec un ruolo di avamposto contro il valdismo e contro gli \u2018eretici\u2019 cio\u00e8 i protestanti riformati, che si erano diffusi nel XVI secolo in Germania con Martin Lutero, in Svizzera a Zurigo con Huldrych Zwingli e a Ginevra con Giovanni Calvino.&nbsp; Il movimento valdese, presente in Italia e in Provenza dal XII secolo, vi ader\u00ec con il Sinodo di Chanforan (1532).<\/p>\n\n\n\n<p><strong>A Pinerolo, dopo l\u2019emancipazione delle minoranze religiose nel 1848<\/strong>, i valdesi si riuniscono a Casa Monnet, acquistata per la comunit\u00e0 nascente e sostenuta con fondi svizzeri e americani, e in seguito nel Tempio (inaugurato nel 1860), diventando chiesa autonoma nel 1886.<\/p>\n\n\n\n<p><strong>Oggi la chiesa valdese conta un migliaio di persone&nbsp;<\/strong>e il contributo della comunit\u00e0 nel dibattito pubblico riguarda la laicit\u00e0 delle istituzioni e della scuola, la convivenza democratica e pluralista, la libert\u00e0 religiosa per tutte le confessioni, la libert\u00e0 di non credere, l\u2019accoglienza dei diversi orientamenti sessuali, le disposizioni di fine vita, l\u2019accoglienza dei migranti, la salvaguardia del creato.<\/p>\n\n\n\n<p><strong>Essere o diventare valdese a Pinerolo<\/strong>, significa cercare di vivere la fede evangelica nella condizione della minoranza: non si \u00e8 valdesi solo per nascita, bisogna diventarlo o volerlo rimanere, dialogando continuamente con se stessi e con Dio.<\/p>\n\n\n\n<p>La <strong>frontiera principale \u00e8 quella dell\u2019ecumenismo e del dialogo interreligioso<\/strong>, con frutti importanti come i testi ufficiali relativi ai matrimoni interconfessionali, lo scambio di pulpito nella Settimana di Preghiera per l\u2019unit\u00e0 dei cristiani (Spuc), lo scambio del pane e del vino a Pasqua, e la reciproca frequentazione nell\u2019ascolto della Parola e nella diaconia.<\/p>\n","protected":false},"excerpt":{"rendered":"<p>Vogliamo dirti che la tua vita \u00e8 accolta nell\u2019amore di Dio&nbsp;e che la fede in Ges\u00f9 Cristo \u00e8 un credere \u201caltrimenti\u201d rispetto alla cultura dominante. Nella storia e sino alla<\/p>\n","protected":false},"author":1,"featured_media":0,"parent":0,"menu_order":0,"comment_status":"closed","ping_status":"closed","template":"","meta":{"footnotes":""},"class_list":["post-10","page","type-page","status-publish","hentry"],"jetpack_sharing_enabled":true,"_links":{"self":[{"href":"https:\/\/vallivaldesi.chiesavaldese.org\/pinerolo\/wp-json\/wp\/v2\/pages\/10","targetHints":{"allow":["GET"]}}],"collection":[{"href":"https:\/\/vallivaldesi.chiesavaldese.org\/pinerolo\/wp-json\/wp\/v2\/pages"}],"about":[{"href":"https:\/\/vallivaldesi.chiesavaldese.org\/pinerolo\/wp-json\/wp\/v2\/types\/page"}],"author":[{"embeddable":true,"href":"https:\/\/vallivaldesi.chiesavaldese.org\/pinerolo\/wp-json\/wp\/v2\/users\/1"}],"replies":[{"embeddable":true,"href":"https:\/\/vallivaldesi.chiesavaldese.org\/pinerolo\/wp-json\/wp\/v2\/comments?post=10"}],"version-history":[{"count":3,"href":"https:\/\/vallivaldesi.chiesavaldese.org\/pinerolo\/wp-json\/wp\/v2\/pages\/10\/revisions"}],"predecessor-version":[{"id":92,"href":"https:\/\/vallivaldesi.chiesavaldese.org\/pinerolo\/wp-json\/wp\/v2\/pages\/10\/revisions\/92"}],"wp:attachment":[{"href":"https:\/\/vallivaldesi.chiesavaldese.org\/pinerolo\/wp-json\/wp\/v2\/media?parent=10"}],"curies":[{"name":"wp","href":"https:\/\/api.w.org\/{rel}","templated":true}]}}