{"id":30,"date":"2020-11-18T12:10:28","date_gmt":"2020-11-18T11:10:28","guid":{"rendered":"https:\/\/www.vallivaldesi.chiesavaldese.org\/perrero-maniglia\/?page_id=30"},"modified":"2020-11-18T12:10:30","modified_gmt":"2020-11-18T11:10:30","slug":"la-storia","status":"publish","type":"page","link":"https:\/\/vallivaldesi.chiesavaldese.org\/perrero-maniglia\/la-storia\/","title":{"rendered":"La storia"},"content":{"rendered":"\n<p>Perrero \u00e8 considerato attualmente il centro della Val Germanasca. Per vari secoli non \u00e8 stato cos\u00ec, tanto che la denominazione stessa della Valle \u00e8 abbastanza recente, mentre in passato \u00e8 stata chiamata Val San Martino e anche talvolta Val Balsiglia. Il centro, infatti, non era localizzato nel fondo poco soleggiato della zona, ma in quello luminoso di quella che \u00e8 attualmente la poco popolata frazione di San Martino. In questa frazione abbiamole tracce del pi\u00f9 antico luogo di culto della Diocesi di Pinerolo di cui si abbiano ruderi (1064), usato anche dai valdesi nella seconda met\u00e0 del XVI secolo.<\/p>\n\n\n\n<p>Amministrativamente il Comune di Perrero ha assorbito nel 1928 i Comuni di Maniglia, Chiabrano, Traverse, San Martino, Bovile, Faetto e Riclaretto. La motivazione iniziale, naturalmente, non fu legata allo spopolamento ma alla politica accentratrice del regime fascista.<\/p>\n\n\n\n<p>Dal punto di vista ecclesiastico la comunit\u00e0 nasce come chiesa di Maniglia ed \u00e8 curata insieme a quella di Massello fino al 1829. La residenza del pastore era fissata a Maniglia.<\/p>\n\n\n\n<p>Il tempio si trovava nella borgata Serre e ha resistito fino al 1838, quando \u00e8 andato in rovina. La coraggiosa decisione del Concistoro fu quella di costruire un nuovo tempio nella borgata Baissa, pi\u00f9 soleggiata, e pi\u00f9 centrale rispetto agli altri comuni che, oltre a Maniglia, costituivano la comunit\u00e0. Il nuovo tempio fu inaugurato nel 1841. Alla met\u00e0 del secolo andava aumentando la popolazione del centro di Perrero, anche per la parte valdese. Quindi si sent\u00ec ben presto l\u2019esigenza di un nuovo locale di culto. Inizialmente il culto fu celebrato in una casa privata, ma finalmente fu possibile costruire un nuovo tempio, inaugurato nel 1866. Anche la residenze del pastore fu trasferita, non senza qualche dispiacere, nel nuovo centro.<\/p>\n\n\n\n<p>La comunit\u00e0 si estese su alcune frazioni di Faetto e San Martino che in precedenza facevano parte di Villasecca.<\/p>\n\n\n\n<p>Dal 1970 il pastore di Perrero ebbe in cura anche la chiesa di Massello e, dal 2014, quella di Villasecca.<\/p>\n","protected":false},"excerpt":{"rendered":"<p>Perrero \u00e8 considerato attualmente il centro della Val Germanasca. Per vari secoli non \u00e8 stato cos\u00ec, tanto che la denominazione stessa della Valle \u00e8 abbastanza recente, mentre in passato \u00e8<\/p>\n","protected":false},"author":1,"featured_media":0,"parent":0,"menu_order":0,"comment_status":"closed","ping_status":"closed","template":"","meta":{"footnotes":""},"class_list":["post-30","page","type-page","status-publish","hentry"],"jetpack_sharing_enabled":true,"_links":{"self":[{"href":"https:\/\/vallivaldesi.chiesavaldese.org\/perrero-maniglia\/wp-json\/wp\/v2\/pages\/30","targetHints":{"allow":["GET"]}}],"collection":[{"href":"https:\/\/vallivaldesi.chiesavaldese.org\/perrero-maniglia\/wp-json\/wp\/v2\/pages"}],"about":[{"href":"https:\/\/vallivaldesi.chiesavaldese.org\/perrero-maniglia\/wp-json\/wp\/v2\/types\/page"}],"author":[{"embeddable":true,"href":"https:\/\/vallivaldesi.chiesavaldese.org\/perrero-maniglia\/wp-json\/wp\/v2\/users\/1"}],"replies":[{"embeddable":true,"href":"https:\/\/vallivaldesi.chiesavaldese.org\/perrero-maniglia\/wp-json\/wp\/v2\/comments?post=30"}],"version-history":[{"count":1,"href":"https:\/\/vallivaldesi.chiesavaldese.org\/perrero-maniglia\/wp-json\/wp\/v2\/pages\/30\/revisions"}],"predecessor-version":[{"id":31,"href":"https:\/\/vallivaldesi.chiesavaldese.org\/perrero-maniglia\/wp-json\/wp\/v2\/pages\/30\/revisions\/31"}],"wp:attachment":[{"href":"https:\/\/vallivaldesi.chiesavaldese.org\/perrero-maniglia\/wp-json\/wp\/v2\/media?parent=30"}],"curies":[{"name":"wp","href":"https:\/\/api.w.org\/{rel}","templated":true}]}}