{"id":26,"date":"2020-05-25T15:49:52","date_gmt":"2020-05-25T13:49:52","guid":{"rendered":"https:\/\/www.vallivaldesi.chiesavaldese.org\/luserna-san-giovanni\/?page_id=26"},"modified":"2026-05-04T10:38:29","modified_gmt":"2026-05-04T08:38:29","slug":"attivita","status":"publish","type":"page","link":"https:\/\/vallivaldesi.chiesavaldese.org\/luserna-san-giovanni\/attivita\/","title":{"rendered":"Attivit\u00e0"},"content":{"rendered":"\n<p><\/p>\n\n\n\n<p class=\"has-text-align-justify\"><strong>CULTO DOMENICALE:<\/strong> tutte le domeniche alle ore 10.00 presso il Tempio dei Bellonatti, mentre nel  periodo autunnale-invernale si tiene presso la Sala Beckwith; nell&#8217;ultima domenica del mese (ad eccezione del periodo estivo) vengono celebrati due culti: alle ore 9.30 presso la cascina Pavarin e alle ore 18.00 presso il Tempio dei Bellonatti (o presso la Sala Beckwith nel periodo autunnale-invernale); alcuni culti nel periodo estivo e quello della vigilia di Natale, sono tenuti presso il Tempio del Ciab\u00e0s; i culti presso la sala di Bricherasio sono al momento sospesi. Eventuali altre variazioni saranno indicate nel calendario mensile dei culti. I culti delle ore 10.00 e quelli delle ore 18.00 vengono ripresi in diretta sulla pagina Facebook della Chiesa di Luserna San Giovanni;<br><br><strong>Attivit\u00e0 programmate secondo il calendario annuale:<\/strong> <\/p>\n\n\n\n<p class=\"has-text-align-justify\"><strong>STUDIO BIBLICO<\/strong> <br><strong>ANIMAZIONE TEOLOGICA<\/strong><br><strong>RIUNIONI QUARTIERALI<\/strong><br><strong>SCUOLA DOMENICALE<\/strong><br><strong>PRE-CATECHISMO<\/strong> e <strong>CATECHISMO<\/strong><\/p>\n\n\n\n<p><strong>Le altre attivit\u00e0<\/strong>:<\/p>\n\n\n\n<p class=\"has-text-align-justify\"><strong>CORALE<\/strong>: le prove si tengono ogni mercoled\u00ec alle ore 20.45 presso il Presbiterio;<br><strong>RACCOLTA E DISTRIBUZIONE DI GENERI ALIMENTARI:<\/strong> la nostra chiesa cerca di sostenere alcune famiglie in difficolt\u00e0 economiche che si rivolgono alla pastora, alla diacona o agli anziani, per ricevere una piccola borsa della spesa una volta al mese. Il secondo ed il quarto marted\u00ec del mese raccogliamo, presso la cascina Pavarin,  beni alimentari a lunga conservazione che i membri della nostra Chiesa, o chi desidera contribuire, possano donarci. Con quanto ricevuto possiamo poi formare i pacchi che vengono distribuiti nel quarto marted\u00ec; <br><strong>RICIRCOLO<\/strong>: \u00e8 uno spazio dedicato alla raccolta e al riciclo di indumenti (et\u00e0 0- 18 anni), giocattoli, scarpe e altri accessori. Si trova presso la cascina Pavarin ed \u00e8 aperto nei seguenti orari: il gioved\u00ec dalle ore 15,30 alle ore 17,00 ed il sabato dalle ore 9,00 alle ore 12,00 e dalle ore 15,00 alle ore 17,30;<br><strong>GRUPPO CUCITO<\/strong>: si ritrova il primo e il terzo gioved\u00ec del mese alla ore 14.30 presso la cascina Pavarin;<br><strong>GRUPPO TEATRO<\/strong>: si ritrova presso la cascina Pavarin; tra le altre attivit\u00e0 prepara annualmente la recita in occasione del XVII Febbraio.<\/p>\n\n\n\n<p><br><br><\/p>\n\n\n\n<h2 class=\"wp-block-heading\">Calendario dei culti per i mesi di maggio e giugno 2026<\/h2>\n\n\n\n<figure class=\"wp-block-image size-large\"><img loading=\"lazy\" decoding=\"async\" width=\"798\" height=\"1024\" src=\"https:\/\/vallivaldesi.chiesavaldese.org\/luserna-san-giovanni\/wp-content\/uploads\/sites\/4\/2026\/05\/calendario-maggio-giugno-26-1-798x1024.jpeg\" alt=\"\" class=\"wp-image-713\" srcset=\"https:\/\/vallivaldesi.chiesavaldese.org\/luserna-san-giovanni\/wp-content\/uploads\/sites\/4\/2026\/05\/calendario-maggio-giugno-26-1-798x1024.jpeg 798w, https:\/\/vallivaldesi.chiesavaldese.org\/luserna-san-giovanni\/wp-content\/uploads\/sites\/4\/2026\/05\/calendario-maggio-giugno-26-1-234x300.jpeg 234w, https:\/\/vallivaldesi.chiesavaldese.org\/luserna-san-giovanni\/wp-content\/uploads\/sites\/4\/2026\/05\/calendario-maggio-giugno-26-1-768x986.jpeg 768w, https:\/\/vallivaldesi.chiesavaldese.org\/luserna-san-giovanni\/wp-content\/uploads\/sites\/4\/2026\/05\/calendario-maggio-giugno-26-1-1197x1536.jpeg 1197w, https:\/\/vallivaldesi.chiesavaldese.org\/luserna-san-giovanni\/wp-content\/uploads\/sites\/4\/2026\/05\/calendario-maggio-giugno-26-1.jpeg 1596w\" sizes=\"auto, (max-width: 798px) 100vw, 798px\" \/><\/figure>\n","protected":false},"excerpt":{"rendered":"<p>CULTO DOMENICALE: tutte le domeniche alle ore 10.00 presso il Tempio dei Bellonatti, mentre nel periodo autunnale-invernale si tiene presso la Sala Beckwith; nell&#8217;ultima domenica del mese (ad eccezione del<\/p>\n","protected":false},"author":1,"featured_media":0,"parent":0,"menu_order":0,"comment_status":"closed","ping_status":"closed","template":"","meta":{"footnotes":""},"class_list":["post-26","page","type-page","status-publish","hentry"],"jetpack_sharing_enabled":true,"_links":{"self":[{"href":"https:\/\/vallivaldesi.chiesavaldese.org\/luserna-san-giovanni\/wp-json\/wp\/v2\/pages\/26","targetHints":{"allow":["GET"]}}],"collection":[{"href":"https:\/\/vallivaldesi.chiesavaldese.org\/luserna-san-giovanni\/wp-json\/wp\/v2\/pages"}],"about":[{"href":"https:\/\/vallivaldesi.chiesavaldese.org\/luserna-san-giovanni\/wp-json\/wp\/v2\/types\/page"}],"author":[{"embeddable":true,"href":"https:\/\/vallivaldesi.chiesavaldese.org\/luserna-san-giovanni\/wp-json\/wp\/v2\/users\/1"}],"replies":[{"embeddable":true,"href":"https:\/\/vallivaldesi.chiesavaldese.org\/luserna-san-giovanni\/wp-json\/wp\/v2\/comments?post=26"}],"version-history":[{"count":24,"href":"https:\/\/vallivaldesi.chiesavaldese.org\/luserna-san-giovanni\/wp-json\/wp\/v2\/pages\/26\/revisions"}],"predecessor-version":[{"id":715,"href":"https:\/\/vallivaldesi.chiesavaldese.org\/luserna-san-giovanni\/wp-json\/wp\/v2\/pages\/26\/revisions\/715"}],"wp:attachment":[{"href":"https:\/\/vallivaldesi.chiesavaldese.org\/luserna-san-giovanni\/wp-json\/wp\/v2\/media?parent=26"}],"curies":[{"name":"wp","href":"https:\/\/api.w.org\/{rel}","templated":true}]}}